{"id":104,"date":"2015-02-27T09:35:10","date_gmt":"2015-02-27T08:35:10","guid":{"rendered":"http:\/\/www.betons-et-materiaux.lu\/?page_id=104"},"modified":"2016-05-18T13:16:19","modified_gmt":"2016-05-18T12:16:19","slug":"societes","status":"publish","type":"page","link":"https:\/\/www.betons-et-materiaux.lu\/?page_id=104&lang=fr","title":{"rendered":"Soci\u00e9t\u00e9s"},"content":{"rendered":"<p><a href=\"http:\/\/www.baatz.lu\/\"><img decoding=\"async\" loading=\"lazy\" class=\"size-medium wp-image-357 alignright\" alt=\"Baatz Constructions Exploitation 449 x 269\" src=\"https:\/\/www.betons-et-materiaux.lu\/wp-content\/uploads\/2015\/02\/Baatz-Constructions-Exploitation-449-x-269-300x179.jpg\" width=\"163\" height=\"103\" \/><\/a><strong>BAATZ Constructions Exploitation S.\u00e0r.l\u00a0:<\/strong> Soci\u00e9t\u00e9 de constructions sp\u00e9cialis\u00e9e dans le g\u00e9nie civil. Vous pouvez contacter l&rsquo;entreprise pour vos travaux de terrassement, palplanches, voirie, travaux sp\u00e9ciaux, travaux d&rsquo;infrastructure, d\u00e9molitions, recyclage et traitement des sols.<\/p>\n<p><a title=\"B\u00e9tons et Mat\u00e9riaux SA\" href=\"https:\/\/www.betons-et-materiaux.lu\/\" target=\"_blank\">www.baatz.lu<\/a><\/p>\n<p>&nbsp;<\/p>\n<p><strong>Ef<\/strong><strong>co-Forodia exploitation S.\u00e0r.l\u00a0:<\/strong> Sp\u00e9cialiste dans les domaines suivants :<br \/>\n<strong>\u00a0<\/strong><a href=\"http:\/\/www.efco.lu\"><img decoding=\"async\" loading=\"lazy\" class=\"size-medium wp-image-354 alignright\" alt=\"Efco-Forodia Exploitation\" src=\"https:\/\/www.betons-et-materiaux.lu\/wp-content\/uploads\/2015\/02\/Efco-Forodia-Exploitation-300x49.jpg\" width=\"240\" height=\"39\" srcset=\"https:\/\/www.betons-et-materiaux.lu\/wp-content\/uploads\/2015\/02\/Efco-Forodia-Exploitation-300x49.jpg 300w, https:\/\/www.betons-et-materiaux.lu\/wp-content\/uploads\/2015\/02\/Efco-Forodia-Exploitation-1024x167.jpg 1024w, https:\/\/www.betons-et-materiaux.lu\/wp-content\/uploads\/2015\/02\/Efco-Forodia-Exploitation.jpg 1600w\" sizes=\"(max-width: 240px) 100vw, 240px\" \/><\/a>Micropieux, ancrages &amp; boulonnages, b\u00e9ton projet\u00e9, forage g\u00e9otechnique, forage horizontal, pieux &amp; palplanches, carottages &amp; sciage de b\u00e9ton, pon\u00e7age, berlinoises.<\/p>\n<p><a title=\"Efco-Forodia exploitation\" href=\"http:\/\/www.efco.lu\" target=\"_blank\">www.efco.lu<\/a><\/p>\n","protected":false},"excerpt":{"rendered":"<p>BAATZ Constructions Exploitation S.\u00e0r.l\u00a0: Soci\u00e9t\u00e9 de constructions sp\u00e9cialis\u00e9e dans le g\u00e9nie civil. Vous pouvez contacter l&rsquo;entreprise pour vos travaux de terrassement, palplanches, voirie, travaux sp\u00e9ciaux, travaux d&rsquo;infrastructure, d\u00e9molitions, recyclage et traitement des sols. www.baatz.lu &nbsp; Efco-Forodia exploitation S.\u00e0r.l\u00a0: Sp\u00e9cialiste dans les domaines suivants : \u00a0Micropieux, ancrages &amp; boulonnages, b\u00e9ton projet\u00e9, forage g\u00e9otechnique, forage horizontal, pieux [&hellip;]<\/p>\n","protected":false},"author":2,"featured_media":0,"parent":0,"menu_order":0,"comment_status":"closed","ping_status":"closed","template":"","meta":[],"_links":{"self":[{"href":"https:\/\/www.betons-et-materiaux.lu\/index.php?rest_route=\/wp\/v2\/pages\/104"}],"collection":[{"href":"https:\/\/www.betons-et-materiaux.lu\/index.php?rest_route=\/wp\/v2\/pages"}],"about":[{"href":"https:\/\/www.betons-et-materiaux.lu\/index.php?rest_route=\/wp\/v2\/types\/page"}],"author":[{"embeddable":true,"href":"https:\/\/www.betons-et-materiaux.lu\/index.php?rest_route=\/wp\/v2\/users\/2"}],"replies":[{"embeddable":true,"href":"https:\/\/www.betons-et-materiaux.lu\/index.php?rest_route=%2Fwp%2Fv2%2Fcomments&post=104"}],"version-history":[{"count":10,"href":"https:\/\/www.betons-et-materiaux.lu\/index.php?rest_route=\/wp\/v2\/pages\/104\/revisions"}],"predecessor-version":[{"id":360,"href":"https:\/\/www.betons-et-materiaux.lu\/index.php?rest_route=\/wp\/v2\/pages\/104\/revisions\/360"}],"wp:attachment":[{"href":"https:\/\/www.betons-et-materiaux.lu\/index.php?rest_route=%2Fwp%2Fv2%2Fmedia&parent=104"}],"curies":[{"name":"wp","href":"https:\/\/api.w.org\/{rel}","templated":true}]}}