{"id":108,"date":"2015-02-27T10:03:51","date_gmt":"2015-02-27T09:03:51","guid":{"rendered":"http:\/\/www.betons-et-materiaux.lu\/?page_id=108"},"modified":"2016-04-21T12:54:26","modified_gmt":"2016-04-21T11:54:26","slug":"jobs","status":"publish","type":"page","link":"https:\/\/www.betons-et-materiaux.lu\/?page_id=108&lang=fr","title":{"rendered":"Jobs"},"content":{"rendered":"<p><a href=\"https:\/\/www.betons-et-materiaux.lu\/wp-content\/uploads\/2015\/02\/R.H.-2015.png\">\u00a0<\/a><\/p>\n<p>B\u00e9tons et Mat\u00e9riaux est constamment \u00e0 la recherche de nouveaux collaborateurs motiv\u00e9s pour accompagner l&rsquo;entreprise dans son d\u00e9veloppement. Malgr\u00e9 le contexte \u00e9conomique difficile, nous avons su maintenir une activit\u00e9 stable, et avons continu\u00e9 de recruter de nouveaux salari\u00e9s chaque ann\u00e9e depuis 2012.<img decoding=\"async\" loading=\"lazy\" class=\"size-medium wp-image-351 aligncenter\" alt=\"R.H. 2015\" src=\"https:\/\/www.betons-et-materiaux.lu\/wp-content\/uploads\/2015\/02\/R.H.-2015-300x198.png\" width=\"300\" height=\"198\" srcset=\"https:\/\/www.betons-et-materiaux.lu\/wp-content\/uploads\/2015\/02\/R.H.-2015-300x198.png 300w, https:\/\/www.betons-et-materiaux.lu\/wp-content\/uploads\/2015\/02\/R.H.-2015.png 752w\" sizes=\"(max-width: 300px) 100vw, 300px\" \/><\/p>\n<p>&nbsp;<\/p>\n<p>Notre politique de ressources humaines est centr\u00e9e sur le developpement personnel, et nous serons heureux de vous donner l&rsquo;opportunit\u00e9 de vivre une experience enrichissante au sein de nos \u00e9quipes.<\/p>\n<p>Nous recherchons principalement des chauffeurs de camion et de pompe, mais d&rsquo;autres postes sont occasionnellement \u00e0 pourvoir. N&rsquo;h\u00e9sitez pas \u00e0 consulter nos offres d&#8217;emploi pour le groupe, ou \u00e0 d\u00e9poser une candidature spontann\u00e9e pour notre entreprise.<\/p>\n","protected":false},"excerpt":{"rendered":"<p>\u00a0 B\u00e9tons et Mat\u00e9riaux est constamment \u00e0 la recherche de nouveaux collaborateurs motiv\u00e9s pour accompagner l&rsquo;entreprise dans son d\u00e9veloppement. Malgr\u00e9 le contexte \u00e9conomique difficile, nous avons su maintenir une activit\u00e9 stable, et avons continu\u00e9 de recruter de nouveaux salari\u00e9s chaque ann\u00e9e depuis 2012. &nbsp; Notre politique de ressources humaines est centr\u00e9e sur le developpement personnel, [&hellip;]<\/p>\n","protected":false},"author":2,"featured_media":0,"parent":0,"menu_order":0,"comment_status":"closed","ping_status":"closed","template":"","meta":[],"_links":{"self":[{"href":"https:\/\/www.betons-et-materiaux.lu\/index.php?rest_route=\/wp\/v2\/pages\/108"}],"collection":[{"href":"https:\/\/www.betons-et-materiaux.lu\/index.php?rest_route=\/wp\/v2\/pages"}],"about":[{"href":"https:\/\/www.betons-et-materiaux.lu\/index.php?rest_route=\/wp\/v2\/types\/page"}],"author":[{"embeddable":true,"href":"https:\/\/www.betons-et-materiaux.lu\/index.php?rest_route=\/wp\/v2\/users\/2"}],"replies":[{"embeddable":true,"href":"https:\/\/www.betons-et-materiaux.lu\/index.php?rest_route=%2Fwp%2Fv2%2Fcomments&post=108"}],"version-history":[{"count":5,"href":"https:\/\/www.betons-et-materiaux.lu\/index.php?rest_route=\/wp\/v2\/pages\/108\/revisions"}],"predecessor-version":[{"id":402,"href":"https:\/\/www.betons-et-materiaux.lu\/index.php?rest_route=\/wp\/v2\/pages\/108\/revisions\/402"}],"wp:attachment":[{"href":"https:\/\/www.betons-et-materiaux.lu\/index.php?rest_route=%2Fwp%2Fv2%2Fmedia&parent=108"}],"curies":[{"name":"wp","href":"https:\/\/api.w.org\/{rel}","templated":true}]}}