{"id":181,"date":"2015-03-02T16:48:15","date_gmt":"2015-03-02T15:48:15","guid":{"rendered":"http:\/\/www.betons-et-materiaux.lu\/?page_id=181"},"modified":"2015-05-18T08:51:21","modified_gmt":"2015-05-18T07:51:21","slug":"betons-courants","status":"publish","type":"page","link":"https:\/\/www.betons-et-materiaux.lu\/?page_id=181&lang=fr","title":{"rendered":"B\u00e9tons courants"},"content":{"rendered":"<p style=\"text-align: center;\">Nous fournissons <strong>tous types de b\u00e9tons<\/strong>, du C 8\/10 au C 50\/60, disposant de formules sp\u00e9cifiques \u00e9tudi\u00e9es pour assurer une r\u00e9sistance optimale.<\/p>\n<p style=\"text-align: center;\"><strong>\u00a0&#8211; Le C 8\/10<\/strong> : Le moins r\u00e9sistant, utilis\u00e9 comme b\u00e9ton de propret\u00e9<br \/>\n<strong>&#8211; C 12\/15 \u2013 C 20\/25<\/strong> : utilis\u00e9 pour les voies et bordures<br \/>\n<strong>&#8211; C 20\/25 \u2013 C 25-30 \u2013 C 30\/37<\/strong> : Fondations, murs, etc. \u2026<br \/>\n<strong>&#8211; C 50\/60 :<\/strong> B\u00e9ton se rapprochant du b\u00e9ton haute performance.<\/p>\n","protected":false},"excerpt":{"rendered":"<p>Nous fournissons tous types de b\u00e9tons, du C 8\/10 au C 50\/60, disposant de formules sp\u00e9cifiques \u00e9tudi\u00e9es pour assurer une r\u00e9sistance optimale. \u00a0&#8211; Le C 8\/10 : Le moins r\u00e9sistant, utilis\u00e9 comme b\u00e9ton de propret\u00e9 &#8211; C 12\/15 \u2013 C 20\/25 : utilis\u00e9 pour les voies et bordures &#8211; C 20\/25 \u2013 C 25-30 \u2013 [&hellip;]<\/p>\n","protected":false},"author":2,"featured_media":0,"parent":79,"menu_order":0,"comment_status":"closed","ping_status":"closed","template":"","meta":[],"_links":{"self":[{"href":"https:\/\/www.betons-et-materiaux.lu\/index.php?rest_route=\/wp\/v2\/pages\/181"}],"collection":[{"href":"https:\/\/www.betons-et-materiaux.lu\/index.php?rest_route=\/wp\/v2\/pages"}],"about":[{"href":"https:\/\/www.betons-et-materiaux.lu\/index.php?rest_route=\/wp\/v2\/types\/page"}],"author":[{"embeddable":true,"href":"https:\/\/www.betons-et-materiaux.lu\/index.php?rest_route=\/wp\/v2\/users\/2"}],"replies":[{"embeddable":true,"href":"https:\/\/www.betons-et-materiaux.lu\/index.php?rest_route=%2Fwp%2Fv2%2Fcomments&post=181"}],"version-history":[{"count":11,"href":"https:\/\/www.betons-et-materiaux.lu\/index.php?rest_route=\/wp\/v2\/pages\/181\/revisions"}],"predecessor-version":[{"id":327,"href":"https:\/\/www.betons-et-materiaux.lu\/index.php?rest_route=\/wp\/v2\/pages\/181\/revisions\/327"}],"up":[{"embeddable":true,"href":"https:\/\/www.betons-et-materiaux.lu\/index.php?rest_route=\/wp\/v2\/pages\/79"}],"wp:attachment":[{"href":"https:\/\/www.betons-et-materiaux.lu\/index.php?rest_route=%2Fwp%2Fv2%2Fmedia&parent=181"}],"curies":[{"name":"wp","href":"https:\/\/api.w.org\/{rel}","templated":true}]}}