{"id":183,"date":"2015-03-02T16:48:32","date_gmt":"2015-03-02T15:48:32","guid":{"rendered":"http:\/\/www.betons-et-materiaux.lu\/?page_id=183"},"modified":"2015-05-18T08:53:51","modified_gmt":"2015-05-18T07:53:51","slug":"betons-speciaux","status":"publish","type":"page","link":"https:\/\/www.betons-et-materiaux.lu\/?page_id=183&lang=fr","title":{"rendered":"B\u00e9tons sp\u00e9ciaux"},"content":{"rendered":"<h3><\/h3>\n<p>Nous pouvons r\u00e9pondre \u00e0 vos demandes sp\u00e9cifiques, et sommes sp\u00e9cialis\u00e9s dans 5 types de b\u00e9tons sp\u00e9ciaux :<\/p>\n<ul>\n<ul>\n<li>B\u00e9ton auto-pla\u00e7ant : Solution pratique, b\u00e9n\u00e9ficiant de courts d\u00e9lais d\u2019ex\u00e9cution, ce b\u00e9ton se met en place sans avoir recours aux vibrations.<\/li>\n<li>B\u00e9ton vu: Ce b\u00e9ton vu est \u00e9labor\u00e9 de mani\u00e8re \u00e0 le rendre particuli\u00e8rement esth\u00e9tique. Nous pouvons par exemple y ajouter une pigmentation color\u00e9e.<\/li>\n<li>B\u00e9ton Haute Performance : La formule de ce b\u00e9ton le rend extr\u00eamement r\u00e9sistant, adapt\u00e9 aux conditions les plus extr\u00eames.<\/li>\n<li>B\u00e9ton pour pistes d\u2019a\u00e9roports et parking d\u2019aviation : Cette formule assure une meilleure r\u00e9sistance, adapt\u00e9e au poids et aux d\u00e9placements des appareils.<\/li>\n<li>B\u00e9ton pour pieux : Nous avons mis en place une formule sp\u00e9cifique adapt\u00e9e \u00e0 la pose de pieux, (collaboration avec Efco ?)<\/li>\n<\/ul>\n<\/ul>\n","protected":false},"excerpt":{"rendered":"<p>Nous pouvons r\u00e9pondre \u00e0 vos demandes sp\u00e9cifiques, et sommes sp\u00e9cialis\u00e9s dans 5 types de b\u00e9tons sp\u00e9ciaux : B\u00e9ton auto-pla\u00e7ant : Solution pratique, b\u00e9n\u00e9ficiant de courts d\u00e9lais d\u2019ex\u00e9cution, ce b\u00e9ton se met en place sans avoir recours aux vibrations. B\u00e9ton vu: Ce b\u00e9ton vu est \u00e9labor\u00e9 de mani\u00e8re \u00e0 le rendre particuli\u00e8rement esth\u00e9tique. Nous pouvons par [&hellip;]<\/p>\n","protected":false},"author":2,"featured_media":0,"parent":79,"menu_order":0,"comment_status":"closed","ping_status":"closed","template":"","meta":[],"_links":{"self":[{"href":"https:\/\/www.betons-et-materiaux.lu\/index.php?rest_route=\/wp\/v2\/pages\/183"}],"collection":[{"href":"https:\/\/www.betons-et-materiaux.lu\/index.php?rest_route=\/wp\/v2\/pages"}],"about":[{"href":"https:\/\/www.betons-et-materiaux.lu\/index.php?rest_route=\/wp\/v2\/types\/page"}],"author":[{"embeddable":true,"href":"https:\/\/www.betons-et-materiaux.lu\/index.php?rest_route=\/wp\/v2\/users\/2"}],"replies":[{"embeddable":true,"href":"https:\/\/www.betons-et-materiaux.lu\/index.php?rest_route=%2Fwp%2Fv2%2Fcomments&post=183"}],"version-history":[{"count":4,"href":"https:\/\/www.betons-et-materiaux.lu\/index.php?rest_route=\/wp\/v2\/pages\/183\/revisions"}],"predecessor-version":[{"id":328,"href":"https:\/\/www.betons-et-materiaux.lu\/index.php?rest_route=\/wp\/v2\/pages\/183\/revisions\/328"}],"up":[{"embeddable":true,"href":"https:\/\/www.betons-et-materiaux.lu\/index.php?rest_route=\/wp\/v2\/pages\/79"}],"wp:attachment":[{"href":"https:\/\/www.betons-et-materiaux.lu\/index.php?rest_route=%2Fwp%2Fv2%2Fmedia&parent=183"}],"curies":[{"name":"wp","href":"https:\/\/api.w.org\/{rel}","templated":true}]}}