{"id":22,"date":"2013-12-12T11:24:38","date_gmt":"2013-12-12T10:24:38","guid":{"rendered":"http:\/\/local.baatz.lu\/?page_id=22"},"modified":"2022-05-03T15:31:48","modified_gmt":"2022-05-03T14:31:48","slug":"contact","status":"publish","type":"page","link":"https:\/\/www.betons-et-materiaux.lu\/?page_id=22&lang=fr","title":{"rendered":"Nous contacter"},"content":{"rendered":"<p style=\"text-align: center;\"><strong>B\u00e9tons et Mat\u00e9riaux S.A.<\/strong><\/p>\n<p style=\"text-align: center;\"><strong>Si\u00e8ge social :<\/strong> Route de Remich<br \/>\nL-2436 LUXEMBOURG<br \/>\n<strong>Adresse postale :<\/strong> 1, Breedewues<br \/>\nL-1259 SENNINGERBERG<br \/>\n<strong>Tel:<\/strong> 42 68 26 -1<br \/>\n<strong>No. Id.\u00a0TVA :<\/strong> LU18483066<br \/>\n<strong>No. Matricule :<\/strong> 20002228069<\/p>\n<style type=\"text\/css\"><!--\nR<!-- P { margin-bottom: 0.21cm; }A:link {  }\n--><\/style>\n<h2><a href=\"https:\/\/www.betons-et-materiaux.lu\/wp-content\/uploads\/2013\/12\/dsc_0038.jpg\"><img decoding=\"async\" loading=\"lazy\" class=\"size-medium wp-image-165 aligncenter\" src=\"https:\/\/www.betons-et-materiaux.lu\/wp-content\/uploads\/2013\/12\/dsc_0038-300x199.jpg\" alt=\"vue ensemble findel \" width=\"300\" height=\"199\" srcset=\"https:\/\/www.betons-et-materiaux.lu\/wp-content\/uploads\/2013\/12\/dsc_0038-300x199.jpg 300w, https:\/\/www.betons-et-materiaux.lu\/wp-content\/uploads\/2013\/12\/dsc_0038-1024x680.jpg 1024w\" sizes=\"(max-width: 300px) 100vw, 300px\" \/><\/a><\/h2>\n<h2 style=\"text-align: center;\">\u2212\u2212\u2212\u2212\u2212\u2212\u2212\u2212\u2212\u2212\u2212\u2212\u2212\u2212\u2212\u2212\u2212\u2212\u2212\u2212\u2212\u2212\u2212\u2212\u2212\u2212\u2212\u2212\u2212\u2212\u2212\u2212\u2212\u2212\u2212\u2212\u2212\u2212\u2212\u2212\u2212\u2212\u2212<\/h2>\n<p style=\"text-align: center;\"><div role=\"form\" class=\"wpcf7\" id=\"wpcf7-f140-o1\" lang=\"fr-FR\" dir=\"ltr\">\n<div class=\"screen-reader-response\"><p role=\"status\" aria-live=\"polite\" aria-atomic=\"true\"><\/p> <ul><\/ul><\/div>\n<form action=\"\/index.php?rest_route=%2Fwp%2Fv2%2Fpages%2F22#wpcf7-f140-o1\" method=\"post\" class=\"wpcf7-form init\" enctype=\"multipart\/form-data\" novalidate=\"novalidate\" data-status=\"init\">\n<div style=\"display: none;\">\n<input type=\"hidden\" name=\"_wpcf7\" value=\"140\" \/>\n<input type=\"hidden\" name=\"_wpcf7_version\" value=\"5.5.6\" \/>\n<input type=\"hidden\" name=\"_wpcf7_locale\" value=\"fr_FR\" \/>\n<input type=\"hidden\" name=\"_wpcf7_unit_tag\" value=\"wpcf7-f140-o1\" \/>\n<input type=\"hidden\" name=\"_wpcf7_container_post\" value=\"0\" \/>\n<input type=\"hidden\" name=\"_wpcf7_posted_data_hash\" value=\"\" \/>\n<\/div>\n<fieldset class=\"contact-fieldset\">\n<ul>\n<li>\n                        <label for=\"contactname\"><b>Service : <\/b><\/label><br \/>\n\t\t\t<span class=\"wpcf7-form-control-wrap menu-115\"><select name=\"menu-115\" class=\"wpcf7-form-control wpcf7-select wpcf7-validates-as-required contact-input\" aria-required=\"true\" aria-invalid=\"false\"><option value=\"\">---<\/option><option value=\"Service Technique\">Service Technique<\/option><option value=\"Service Soumissions\">Service Soumissions<\/option><option value=\"Service Achat\">Service Achat<\/option><option value=\"Service Qualit\u00e9 \/ R\u00e9clamations\">Service Qualit\u00e9 \/ R\u00e9clamations<\/option><option value=\"Service R-H\">Service R-H<\/option><option value=\"Service Facturation\">Service Facturation<\/option><\/select><\/span>\n\t\t<\/li>\n<li>\n\t\t\t<label for=\"contactname\"><b>Nom : <\/b><\/label><br \/>\n\t\t\t<span class=\"wpcf7-form-control-wrap contactname\"><input type=\"text\" name=\"contactname\" value=\"\" size=\"40\" class=\"wpcf7-form-control wpcf7-text wpcf7-validates-as-required contact-input requiredContact\" id=\"contactname\" aria-required=\"true\" aria-invalid=\"false\" placeholder=\"Nom\" \/><\/span>\n\t\t<\/li>\n<li>\n\t\t\t<label for=\"email\"><b>Email : <\/b><\/label><br \/>\n\t\t\t<span class=\"wpcf7-form-control-wrap emailexp\"><input type=\"email\" name=\"emailexp\" value=\"\" size=\"40\" class=\"wpcf7-form-control wpcf7-text wpcf7-email wpcf7-validates-as-required wpcf7-validates-as-email contact-input Email\" aria-required=\"true\" aria-invalid=\"false\" placeholder=\"exemple@mail.lu\" \/><\/span>\n\t\t<\/li>\n<li>\n                    <label for=\"file-650\"><b>Pi\u00e8ce-jointe : <\/b><span class=\"wpcf7-form-control-wrap file-650\"><input type=\"file\" name=\"file-650\" size=\"40\" class=\"wpcf7-form-control wpcf7-file\" id=\"piece-jointe\" accept=\".jpg,.jpeg,.png,.gif,.pdf,.doc,.docx,.ppt,.pptx,.odt,.avi,.ogg,.m4a,.mov,.mp3,.mp4,.mpg,.wav,.wmv\" aria-invalid=\"false\" \/><\/span><\/label>\n                <\/li>\n<li>\n\t\t\t<label for=\"subject\"><b>Sujet : <\/b><\/label><br \/>\n\t\t\t<span class=\"wpcf7-form-control-wrap subject\"><input type=\"text\" name=\"subject\" value=\"\" size=\"40\" class=\"wpcf7-form-control wpcf7-text wpcf7-validates-as-required contact-input requiredContact\" id=\"subject\" aria-required=\"true\" aria-invalid=\"false\" placeholder=\"Sujet du message\" \/><\/span>\n\t\t<\/li>\n<li>\n\t            <label for=\"message\"><b>Message : <\/b><\/label><br \/>\n\t\t    <span class=\"wpcf7-form-control-wrap message\"><textarea name=\"message\" cols=\"40\" rows=\"6\" class=\"wpcf7-form-control wpcf7-textarea wpcf7-validates-as-required contact-textarea requiredContact\" id=\"message\" aria-required=\"true\" aria-invalid=\"false\" placeholder=\"\u00c9crivez ici votre message\"><\/textarea><\/span>\n\t\t<\/li>\n<li>\n                    <input type=\"hidden\" name=\"_wpcf7_captcha_challenge_captcha-554\" value=\"208705609\" \/><img class=\"wpcf7-form-control wpcf7-captchac wpcf7-captcha-captcha-554\" width=\"72\" height=\"24\" alt=\"captcha\" src=\"https:\/\/www.betons-et-materiaux.lu\/wp-content\/uploads\/wpcf7_captcha\/208705609.png\" \/>\n                <\/li>\n<li>\n                    <span class=\"wpcf7-form-control-wrap captcha-554\"><input type=\"text\" name=\"captcha-554\" value=\"\" size=\"40\" class=\"wpcf7-form-control wpcf7-captchar\" autocomplete=\"off\" aria-invalid=\"false\" \/><\/span>\n                <\/li>\n<li>\n\t\t\t<input type=\"submit\" value=\"Envoyer le message\" class=\"wpcf7-form-control has-spinner wpcf7-submit contact-submit\" id=\"submit\" \/>\n\t\t<\/li>\n<\/ul>\n<fieldset>\n<div class=\"wpcf7-response-output\" aria-hidden=\"true\"><\/div><\/form><\/div><\/p>\n<p><a href=\"https:\/\/www.betons-et-materiaux.lu\/wp-content\/uploads\/2015\/01\/Comment-commander\uf025.jpg\"><img decoding=\"async\" loading=\"lazy\" class=\"size-medium wp-image-66 aligncenter\" src=\"https:\/\/www.betons-et-materiaux.lu\/wp-content\/uploads\/2015\/01\/Comment-commander\uf025-300x199.jpg\" alt=\"Contact \uf025\" width=\"300\" height=\"199\" srcset=\"https:\/\/www.betons-et-materiaux.lu\/wp-content\/uploads\/2015\/01\/Comment-commander\uf025-300x199.jpg 300w, https:\/\/www.betons-et-materiaux.lu\/wp-content\/uploads\/2015\/01\/Comment-commander\uf025-1024x680.jpg 1024w\" sizes=\"(max-width: 300px) 100vw, 300px\" \/><\/a><\/p>\n","protected":false},"excerpt":{"rendered":"<p>B\u00e9tons et Mat\u00e9riaux S.A. Si\u00e8ge social : Route de Remich L-2436 LUXEMBOURG Adresse postale : 1, Breedewues L-1259 SENNINGERBERG Tel: 42 68 26 -1 No. Id.\u00a0TVA : LU18483066 No. Matricule : 20002228069 \u2212\u2212\u2212\u2212\u2212\u2212\u2212\u2212\u2212\u2212\u2212\u2212\u2212\u2212\u2212\u2212\u2212\u2212\u2212\u2212\u2212\u2212\u2212\u2212\u2212\u2212\u2212\u2212\u2212\u2212\u2212\u2212\u2212\u2212\u2212\u2212\u2212\u2212\u2212\u2212\u2212\u2212\u2212<\/p>\n","protected":false},"author":1,"featured_media":0,"parent":0,"menu_order":0,"comment_status":"closed","ping_status":"closed","template":"template_contact.php","meta":[],"_links":{"self":[{"href":"https:\/\/www.betons-et-materiaux.lu\/index.php?rest_route=\/wp\/v2\/pages\/22"}],"collection":[{"href":"https:\/\/www.betons-et-materiaux.lu\/index.php?rest_route=\/wp\/v2\/pages"}],"about":[{"href":"https:\/\/www.betons-et-materiaux.lu\/index.php?rest_route=\/wp\/v2\/types\/page"}],"author":[{"embeddable":true,"href":"https:\/\/www.betons-et-materiaux.lu\/index.php?rest_route=\/wp\/v2\/users\/1"}],"replies":[{"embeddable":true,"href":"https:\/\/www.betons-et-materiaux.lu\/index.php?rest_route=%2Fwp%2Fv2%2Fcomments&post=22"}],"version-history":[{"count":40,"href":"https:\/\/www.betons-et-materiaux.lu\/index.php?rest_route=\/wp\/v2\/pages\/22\/revisions"}],"predecessor-version":[{"id":432,"href":"https:\/\/www.betons-et-materiaux.lu\/index.php?rest_route=\/wp\/v2\/pages\/22\/revisions\/432"}],"wp:attachment":[{"href":"https:\/\/www.betons-et-materiaux.lu\/index.php?rest_route=%2Fwp%2Fv2%2Fmedia&parent=22"}],"curies":[{"name":"wp","href":"https:\/\/api.w.org\/{rel}","templated":true}]}}