{"id":224,"date":"2015-03-03T10:42:52","date_gmt":"2015-03-03T09:42:52","guid":{"rendered":"http:\/\/www.betons-et-materiaux.lu\/?page_id=224"},"modified":"2023-04-18T11:09:24","modified_gmt":"2023-04-18T09:09:24","slug":"devis","status":"publish","type":"page","link":"https:\/\/www.betons-et-materiaux.lu\/?page_id=224&lang=fr","title":{"rendered":"Demande d&rsquo;offres"},"content":{"rendered":"\n\t\t<style type=\"text\/css\">\n\t\t\t#gallery-1 {\n\t\t\t\tmargin: auto;\n\t\t\t}\n\t\t\t#gallery-1 .gallery-item {\n\t\t\t\tfloat: left;\n\t\t\t\tmargin-top: 10px;\n\t\t\t\ttext-align: center;\n\t\t\t\twidth: 100%;\n\t\t\t}\n\t\t\t#gallery-1 img {\n\t\t\t\tborder: 2px solid #cfcfcf;\n\t\t\t}\n\t\t\t#gallery-1 .gallery-caption {\n\t\t\t\tmargin-left: 0;\n\t\t\t}\n\t\t\t\/* see gallery_shortcode() in wp-includes\/media.php *\/\n\t\t<\/style>\n\t\t<div id='gallery-1' class='gallery galleryid-224 gallery-columns-1 gallery-size-thumbnail'><dl class='gallery-item'>\n\t\t\t<dt class='gallery-icon landscape'>\n\t\t\t\t<a href='https:\/\/www.betons-et-materiaux.lu\/?attachment_id=66'><img width=\"150\" height=\"150\" src=\"https:\/\/www.betons-et-materiaux.lu\/wp-content\/uploads\/2015\/01\/Comment-commander\uf025-150x150.jpg\" class=\"attachment-thumbnail size-thumbnail\" alt=\"\" decoding=\"async\" loading=\"lazy\" srcset=\"https:\/\/www.betons-et-materiaux.lu\/wp-content\/uploads\/2015\/01\/Comment-commander\uf025-150x150.jpg 150w, https:\/\/www.betons-et-materiaux.lu\/wp-content\/uploads\/2015\/01\/Comment-commander\uf025-60x60.jpg 60w, https:\/\/www.betons-et-materiaux.lu\/wp-content\/uploads\/2015\/01\/Comment-commander\uf025-50x50.jpg 50w, https:\/\/www.betons-et-materiaux.lu\/wp-content\/uploads\/2015\/01\/Comment-commander\uf025-100x100.jpg 100w\" sizes=\"(max-width: 150px) 100vw, 150px\" \/><\/a>\n\t\t\t<\/dt><\/dl><br style=\"clear: both\" \/>\n\t\t<\/div>\n\n<p style=\"text-align: center;\"><span style=\"color: #000000;\">Nous sommes \u00e0 votre \u00e9coute pour vous proposer une offre de prix adapt\u00e9e \u00e0 vos besoins. Pour nous contacter veuillez envoyer votre demande via le formulaire de contact ci dessous, ou en t\u00e9l\u00e9phonant au <strong>42-68-26-480<\/strong> ou par mail \u00e0 <strong>offres@betmat.lu<\/strong><\/span><\/p>\n<h2 style=\"text-align: center;\"><span style=\"text-decoration: underline;\">Comment commander ? <\/span><\/h2>\n<p style=\"text-align: center;\"><span style=\"color: #000000;\">Lors de votre commande, <strong>veillez \u00e0 indiquer ces informations afin d\u2019assurer un service de qualit\u00e9.<\/strong><\/span><\/p>\n<table style=\"border: 1px solid black;\" width=\"709\" cellspacing=\"0\" cellpadding=\"0\">\n<tbody>\n<tr>\n<td style=\"text-align: center;\" valign=\"top\" width=\"76\"><strong><span style=\"font-family: Calibri; font-size: medium;\">Quantit\u00e9<\/span><\/strong><\/td>\n<td style=\"text-align: center;\" valign=\"top\" width=\"66\"><strong><span style=\"font-family: Calibri; font-size: medium;\">Qualit\u00e9<\/span><\/strong><\/td>\n<td style=\"text-align: center;\" valign=\"top\" width=\"78\"><strong><span style=\"font-family: Calibri; font-size: medium;\">Plasticit\u00e9<\/span><\/strong><\/td>\n<td style=\"text-align: center;\" valign=\"top\" width=\"111\"><strong><span style=\"font-family: Calibri; font-size: medium;\">Granulom\u00e9trie (Taille agr\u00e9gat)<\/span><\/strong><\/td>\n<td style=\"text-align: center;\" valign=\"top\" width=\"95\"><strong><span style=\"font-family: Calibri; font-size: medium;\">Type<\/span><\/strong><\/td>\n<td style=\"text-align: center;\" valign=\"top\" width=\"85\"><strong><span style=\"font-family: Calibri; font-size: medium;\">Client<\/span><\/strong><\/td>\n<td style=\"text-align: center;\" valign=\"top\" width=\"123\"><strong><span style=\"font-family: Calibri; font-size: medium;\">D\u00e9chargement<\/span><\/strong><\/td>\n<td style=\"text-align: center;\" valign=\"top\" width=\"76\"><strong><span style=\"font-family: Calibri; font-size: medium;\">Cadence<\/span><\/strong><\/td>\n<\/tr>\n<tr>\n<td valign=\"top\" width=\"76\">\n<p style=\"text-align: center;\">&#8230; m\u00b3<\/p>\n<\/td>\n<td valign=\"top\" width=\"66\">\n<p style=\"text-align: center;\">C &#8230;\/&#8230;<\/p>\n<\/td>\n<td valign=\"top\" width=\"78\">\n<p style=\"text-align: center;\">F1<br \/>\nF2<\/p>\n<\/td>\n<td valign=\"top\" width=\"78\">\n<p style=\"text-align: center;\">0\/4<br \/>\n0\/8<br \/>\n0\/16<br \/>\n4\/8<br \/>\n&#8230;<\/p>\n<\/td>\n<td valign=\"top\" width=\"95\">\n<p style=\"text-align: center;\">Moselle<br \/>\nDolomite<br \/>\nQuartz<br \/>\nGr\u00e8s<\/p>\n<\/td>\n<td valign=\"top\" width=\"85\">\n<p style=\"text-align: center;\">Nom<br \/>\nChantier<\/p>\n<\/td>\n<td valign=\"top\" width=\"123\">\n<p style=\"text-align: center;\">Pompe<br \/>\nGrue<br \/>\nDirect<\/p>\n<\/td>\n<td valign=\"top\" width=\"76\">\n<p style=\"text-align: center;\">&#8230; m\u00b3\/h<\/p>\n<\/td>\n<\/tr>\n<\/tbody>\n<\/table>\n<div role=\"form\" class=\"wpcf7\" id=\"wpcf7-f48-o1\" lang=\"fr-FR\" dir=\"ltr\">\n<div class=\"screen-reader-response\"><p role=\"status\" aria-live=\"polite\" aria-atomic=\"true\"><\/p> <ul><\/ul><\/div>\n<form action=\"\/index.php?rest_route=%2Fwp%2Fv2%2Fpages%2F224#wpcf7-f48-o1\" method=\"post\" class=\"wpcf7-form init\" enctype=\"multipart\/form-data\" novalidate=\"novalidate\" data-status=\"init\">\n<div style=\"display: none;\">\n<input type=\"hidden\" name=\"_wpcf7\" value=\"48\" \/>\n<input type=\"hidden\" name=\"_wpcf7_version\" value=\"5.5.6\" \/>\n<input type=\"hidden\" name=\"_wpcf7_locale\" value=\"fr_FR\" \/>\n<input type=\"hidden\" name=\"_wpcf7_unit_tag\" value=\"wpcf7-f48-o1\" \/>\n<input type=\"hidden\" name=\"_wpcf7_container_post\" value=\"0\" \/>\n<input type=\"hidden\" name=\"_wpcf7_posted_data_hash\" value=\"\" \/>\n<\/div>\n<fieldset class=\"contact-fieldset\">\n<ul>\n<li>\n                    <label for=\"Nom\">Votre nom :<\/label><br \/>\n                    <span class=\"wpcf7-form-control-wrap Nom\"><input type=\"text\" name=\"Nom\" value=\"\" size=\"40\" class=\"wpcf7-form-control wpcf7-text wpcf7-validates-as-required contact-input requiredContact\" id=\"Nom\" aria-required=\"true\" aria-invalid=\"false\" placeholder=\"Votre nom\" \/><\/span>\n                <\/li>\n<li>\n                    <label for=\"Entreprise\">Entreprise :<\/label><br \/>\n                    <span class=\"wpcf7-form-control-wrap Entreprise\"><input type=\"text\" name=\"Entreprise\" value=\"\" size=\"40\" class=\"wpcf7-form-control wpcf7-text wpcf7-validates-as-required contact-input requiredContact\" id=\"Entreprise\" aria-required=\"true\" aria-invalid=\"false\" placeholder=\"Nom de votre entreprise\" \/><\/span>\n                <\/li>\n<li>\n                    <label for=\"telephone\">T\u00e9l\u00e9phone :<\/label><br \/>\n                    <span class=\"wpcf7-form-control-wrap telephone\"><input type=\"tel\" name=\"telephone\" value=\"\" size=\"40\" class=\"wpcf7-form-control wpcf7-text wpcf7-tel wpcf7-validates-as-required wpcf7-validates-as-tel requiredContact contact-input\" id=\"telephone\" aria-required=\"true\" aria-invalid=\"false\" placeholder=\"+352 ** ** **\" \/><\/span>\n                <\/li>\n<li>\n                    <label for=\"Email\">Adresse Email :<\/label><br \/>\n                    <span class=\"wpcf7-form-control-wrap Email\"><input type=\"email\" name=\"Email\" value=\"\" size=\"40\" class=\"wpcf7-form-control wpcf7-text wpcf7-email wpcf7-validates-as-required wpcf7-validates-as-email requiredContact contact-input\" id=\"Email\" aria-required=\"true\" aria-invalid=\"false\" placeholder=\"exemple@mail.lu\" \/><\/span>\n                <\/li>\n<li>\n                    <label for=\"commande\">Votre demande :<\/label><br \/>\n                    <span class=\"wpcf7-form-control-wrap commande\"><textarea name=\"commande\" cols=\"70\" rows=\"10\" class=\"wpcf7-form-control wpcf7-textarea wpcf7-validates-as-required\" id=\"commande\" aria-required=\"true\" aria-invalid=\"false\" placeholder=\"inscrivez ici l&#039;ensemble des informations li\u00e9es \u00e0 la commande\"><\/textarea><\/span>\n                <\/li>\n<li>\n                    <label for=\"pj\">Pi\u00e8ces compl\u00e9mentaires :<\/label><br \/>\n                    <span class=\"wpcf7-form-control-wrap pj\"><input type=\"file\" name=\"pj\" size=\"40\" class=\"wpcf7-form-control wpcf7-file\" id=\"pj\" accept=\".pdf,.doc,.docx,.jpeg,.pnj,.tiff,.gif,.jpg\" aria-invalid=\"false\" \/><\/span>\n                <\/li>\n<li>\n                    <label for=\"pj2\">Pi\u00e8ces compl\u00e9mentaires :<\/label><br \/>\n                    <span class=\"wpcf7-form-control-wrap pj2\"><input type=\"file\" name=\"pj2\" size=\"40\" class=\"wpcf7-form-control wpcf7-file\" id=\"pj2\" accept=\".pdf,.docx,.doc,.jpeg,.pnj,.tiff,.gif,.jpg\" aria-invalid=\"false\" \/><\/span>\n                <\/li>\n<li>\n                    <input type=\"hidden\" name=\"_wpcf7_captcha_challenge_captcha-543\" value=\"1154055614\" \/><img class=\"wpcf7-form-control wpcf7-captchac wpcf7-captcha-captcha-543\" width=\"72\" height=\"24\" alt=\"captcha\" src=\"https:\/\/www.betons-et-materiaux.lu\/wp-content\/uploads\/wpcf7_captcha\/1154055614.png\" \/><br \/>\n                    <span class=\"wpcf7-form-control-wrap captcha-543\"><input type=\"text\" name=\"captcha-543\" value=\"\" size=\"40\" class=\"wpcf7-form-control wpcf7-captchar\" autocomplete=\"off\" aria-invalid=\"false\" placeholder=\"Veuillez recopier le Captcha\" \/><\/span>\n                <\/li>\n<li>\n                    <input type=\"submit\" value=\"Envoyer\" class=\"wpcf7-form-control has-spinner wpcf7-submit\" \/>\n                <\/li>\n<\/ul>\n<fieldset>\n<div class=\"wpcf7-response-output\" aria-hidden=\"true\"><\/div><\/form><\/div>\n","protected":false},"excerpt":{"rendered":"<p>Nous sommes \u00e0 votre \u00e9coute pour vous proposer une offre de prix adapt\u00e9e \u00e0 vos besoins. Pour nous contacter veuillez envoyer votre demande via le formulaire de contact ci dessous, ou en t\u00e9l\u00e9phonant au 42-68-26-480 ou par mail \u00e0 offres@betmat.lu Comment commander ? Lors de votre commande, veillez \u00e0 indiquer ces informations afin d\u2019assurer un [&hellip;]<\/p>\n","protected":false},"author":2,"featured_media":0,"parent":8,"menu_order":0,"comment_status":"closed","ping_status":"closed","template":"","meta":[],"_links":{"self":[{"href":"https:\/\/www.betons-et-materiaux.lu\/index.php?rest_route=\/wp\/v2\/pages\/224"}],"collection":[{"href":"https:\/\/www.betons-et-materiaux.lu\/index.php?rest_route=\/wp\/v2\/pages"}],"about":[{"href":"https:\/\/www.betons-et-materiaux.lu\/index.php?rest_route=\/wp\/v2\/types\/page"}],"author":[{"embeddable":true,"href":"https:\/\/www.betons-et-materiaux.lu\/index.php?rest_route=\/wp\/v2\/users\/2"}],"replies":[{"embeddable":true,"href":"https:\/\/www.betons-et-materiaux.lu\/index.php?rest_route=%2Fwp%2Fv2%2Fcomments&post=224"}],"version-history":[{"count":14,"href":"https:\/\/www.betons-et-materiaux.lu\/index.php?rest_route=\/wp\/v2\/pages\/224\/revisions"}],"predecessor-version":[{"id":519,"href":"https:\/\/www.betons-et-materiaux.lu\/index.php?rest_route=\/wp\/v2\/pages\/224\/revisions\/519"}],"up":[{"embeddable":true,"href":"https:\/\/www.betons-et-materiaux.lu\/index.php?rest_route=\/wp\/v2\/pages\/8"}],"wp:attachment":[{"href":"https:\/\/www.betons-et-materiaux.lu\/index.php?rest_route=%2Fwp%2Fv2%2Fmedia&parent=224"}],"curies":[{"name":"wp","href":"https:\/\/api.w.org\/{rel}","templated":true}]}}