{"id":420,"date":"2021-11-11T17:24:50","date_gmt":"2021-11-11T16:24:50","guid":{"rendered":"http:\/\/www.betons-et-materiaux.lu\/?page_id=420"},"modified":"2023-01-26T10:08:18","modified_gmt":"2023-01-26T09:08:18","slug":"conditions-generales","status":"publish","type":"page","link":"https:\/\/www.betons-et-materiaux.lu\/?page_id=420&lang=fr","title":{"rendered":"Conditions g\u00e9n\u00e9rales"},"content":{"rendered":"\n<p><\/p>\n\n\n\n<p class=\"has-text-align-center has-small-font-size\">Veuillez trouver ci-joint nos derni\u00e8res <\/p>\n\n\n\n<p class=\"has-text-align-center has-small-font-size\"><strong>Conditions g\u00e9n\u00e9rales de vente<\/strong><\/p>\n\n\n<div class=\"wp-block-image\">\n<figure class=\"aligncenter size-full is-resized\"><a href=\"https:\/\/www.betons-et-materiaux.lu\/wp-content\/uploads\/2023\/01\/Conditions-generales-de-vente-BetMat-2023.pdf\" target=\"_blank\" rel=\"noreferrer noopener\"><img decoding=\"async\" loading=\"lazy\" src=\"https:\/\/www.betons-et-materiaux.lu\/wp-content\/uploads\/2023\/01\/PDF.png\" alt=\"\" class=\"wp-image-451\" width=\"80\" height=\"80\" srcset=\"https:\/\/www.betons-et-materiaux.lu\/wp-content\/uploads\/2023\/01\/PDF.png 512w, https:\/\/www.betons-et-materiaux.lu\/wp-content\/uploads\/2023\/01\/PDF-300x300.png 300w, https:\/\/www.betons-et-materiaux.lu\/wp-content\/uploads\/2023\/01\/PDF-150x150.png 150w, https:\/\/www.betons-et-materiaux.lu\/wp-content\/uploads\/2023\/01\/PDF-60x60.png 60w, https:\/\/www.betons-et-materiaux.lu\/wp-content\/uploads\/2023\/01\/PDF-50x50.png 50w, https:\/\/www.betons-et-materiaux.lu\/wp-content\/uploads\/2023\/01\/PDF-100x100.png 100w\" sizes=\"(max-width: 80px) 100vw, 80px\" \/><\/a><\/figure><\/div>","protected":false},"excerpt":{"rendered":"<p>Veuillez trouver ci-joint nos derni\u00e8res Conditions g\u00e9n\u00e9rales de vente<\/p>\n","protected":false},"author":2,"featured_media":0,"parent":0,"menu_order":0,"comment_status":"closed","ping_status":"closed","template":"","meta":[],"_links":{"self":[{"href":"https:\/\/www.betons-et-materiaux.lu\/index.php?rest_route=\/wp\/v2\/pages\/420"}],"collection":[{"href":"https:\/\/www.betons-et-materiaux.lu\/index.php?rest_route=\/wp\/v2\/pages"}],"about":[{"href":"https:\/\/www.betons-et-materiaux.lu\/index.php?rest_route=\/wp\/v2\/types\/page"}],"author":[{"embeddable":true,"href":"https:\/\/www.betons-et-materiaux.lu\/index.php?rest_route=\/wp\/v2\/users\/2"}],"replies":[{"embeddable":true,"href":"https:\/\/www.betons-et-materiaux.lu\/index.php?rest_route=%2Fwp%2Fv2%2Fcomments&post=420"}],"version-history":[{"count":11,"href":"https:\/\/www.betons-et-materiaux.lu\/index.php?rest_route=\/wp\/v2\/pages\/420\/revisions"}],"predecessor-version":[{"id":471,"href":"https:\/\/www.betons-et-materiaux.lu\/index.php?rest_route=\/wp\/v2\/pages\/420\/revisions\/471"}],"wp:attachment":[{"href":"https:\/\/www.betons-et-materiaux.lu\/index.php?rest_route=%2Fwp%2Fv2%2Fmedia&parent=420"}],"curies":[{"name":"wp","href":"https:\/\/api.w.org\/{rel}","templated":true}]}}