{"id":472,"date":"2023-01-26T13:12:13","date_gmt":"2023-01-26T12:12:13","guid":{"rendered":"https:\/\/www.betons-et-materiaux.lu\/?page_id=472"},"modified":"2023-04-18T11:01:24","modified_gmt":"2023-04-18T09:01:24","slug":"devenir-client","status":"publish","type":"page","link":"https:\/\/www.betons-et-materiaux.lu\/?page_id=472&lang=fr","title":{"rendered":"Devenir client"},"content":{"rendered":"\n<p>Gagnez du temps en remplissant ce formulaire si vous n&rsquo;\u00eates pas enregistr\u00e9 chez nous : <\/p>\n\n\n<div class=\"wp-block-image\">\n<figure class=\"aligncenter size-full is-resized\"><a href=\"https:\/\/www.betons-et-materiaux.lu\/wp-content\/uploads\/2023\/01\/FOR-FAC-202-Demande-douverture-de-compte-FR.pdf\" target=\"_blank\" rel=\"noreferrer noopener\"><img decoding=\"async\" loading=\"lazy\" src=\"https:\/\/www.betons-et-materiaux.lu\/wp-content\/uploads\/2023\/01\/PDF.png\" alt=\"\" class=\"wp-image-451\" width=\"80\" height=\"80\" srcset=\"https:\/\/www.betons-et-materiaux.lu\/wp-content\/uploads\/2023\/01\/PDF.png 512w, https:\/\/www.betons-et-materiaux.lu\/wp-content\/uploads\/2023\/01\/PDF-300x300.png 300w, https:\/\/www.betons-et-materiaux.lu\/wp-content\/uploads\/2023\/01\/PDF-150x150.png 150w, https:\/\/www.betons-et-materiaux.lu\/wp-content\/uploads\/2023\/01\/PDF-60x60.png 60w, https:\/\/www.betons-et-materiaux.lu\/wp-content\/uploads\/2023\/01\/PDF-50x50.png 50w, https:\/\/www.betons-et-materiaux.lu\/wp-content\/uploads\/2023\/01\/PDF-100x100.png 100w\" sizes=\"(max-width: 80px) 100vw, 80px\" \/><\/a><figcaption class=\"wp-element-caption\">Formulaire d&rsquo;ouverture de compte client<\/figcaption><\/figure><\/div>\n\n\n<p>Afin de faciliter notre collaboration future, pensez \u00e0 bien fournir la totalit\u00e9 des informations requises et soyez le plus exhaustif que possible. <\/p>\n\n\n\n<p>En cas de changement des informations fournies, n&rsquo;oubliez pas de nous en avertir dans les meilleurs d\u00e9lais. <\/p>\n","protected":false},"excerpt":{"rendered":"<p>Gagnez du temps en remplissant ce formulaire si vous n&rsquo;\u00eates pas enregistr\u00e9 chez nous : Afin de faciliter notre collaboration future, pensez \u00e0 bien fournir la totalit\u00e9 des informations requises et soyez le plus exhaustif que possible. En cas de changement des informations fournies, n&rsquo;oubliez pas de nous en avertir dans les meilleurs d\u00e9lais.<\/p>\n","protected":false},"author":5,"featured_media":0,"parent":222,"menu_order":0,"comment_status":"closed","ping_status":"closed","template":"","meta":[],"_links":{"self":[{"href":"https:\/\/www.betons-et-materiaux.lu\/index.php?rest_route=\/wp\/v2\/pages\/472"}],"collection":[{"href":"https:\/\/www.betons-et-materiaux.lu\/index.php?rest_route=\/wp\/v2\/pages"}],"about":[{"href":"https:\/\/www.betons-et-materiaux.lu\/index.php?rest_route=\/wp\/v2\/types\/page"}],"author":[{"embeddable":true,"href":"https:\/\/www.betons-et-materiaux.lu\/index.php?rest_route=\/wp\/v2\/users\/5"}],"replies":[{"embeddable":true,"href":"https:\/\/www.betons-et-materiaux.lu\/index.php?rest_route=%2Fwp%2Fv2%2Fcomments&post=472"}],"version-history":[{"count":3,"href":"https:\/\/www.betons-et-materiaux.lu\/index.php?rest_route=\/wp\/v2\/pages\/472\/revisions"}],"predecessor-version":[{"id":484,"href":"https:\/\/www.betons-et-materiaux.lu\/index.php?rest_route=\/wp\/v2\/pages\/472\/revisions\/484"}],"up":[{"embeddable":true,"href":"https:\/\/www.betons-et-materiaux.lu\/index.php?rest_route=\/wp\/v2\/pages\/222"}],"wp:attachment":[{"href":"https:\/\/www.betons-et-materiaux.lu\/index.php?rest_route=%2Fwp%2Fv2%2Fmedia&parent=472"}],"curies":[{"name":"wp","href":"https:\/\/api.w.org\/{rel}","templated":true}]}}