{"id":498,"date":"2023-04-15T11:36:45","date_gmt":"2023-04-15T09:36:45","guid":{"rendered":"https:\/\/www.betons-et-materiaux.lu\/?page_id=498"},"modified":"2024-09-23T17:21:47","modified_gmt":"2024-09-23T15:21:47","slug":"devis-2","status":"publish","type":"page","link":"https:\/\/www.betons-et-materiaux.lu\/?page_id=498&lang=fr","title":{"rendered":"Demande d&rsquo;offres"},"content":{"rendered":"\n<p>Afin de faciliter notre collaboration et vous fournir une offre dans les meilleurs d\u00e9lais, veuillez prendre connaissance des formulaires disponibles : <\/p>\n\n\n\n<p>Pensez \u00e0 bien fournir la totalit\u00e9 des informations requises et soyez le plus exhaustif que possible. <\/p>\n\n\n\n<div class=\"is-layout-constrained wp-block-group\"><div class=\"wp-block-group__inner-container\">\n<div class=\"is-content-justification-center is-layout-flex wp-container-1 wp-block-group\">\n<figure class=\"wp-block-image size-full is-resized\"><a href=\"https:\/\/www.betons-et-materiaux.lu\/wp-content\/uploads\/2023\/04\/FORMULAIRE-WEB-Demande-doffre-de-beton.pdf\" target=\"_blank\" rel=\"noreferrer noopener\"><img decoding=\"async\" loading=\"lazy\" src=\"https:\/\/www.betons-et-materiaux.lu\/wp-content\/uploads\/2023\/01\/PDF.png\" alt=\"\" class=\"wp-image-451\" width=\"90\" height=\"90\" srcset=\"https:\/\/www.betons-et-materiaux.lu\/wp-content\/uploads\/2023\/01\/PDF.png 512w, https:\/\/www.betons-et-materiaux.lu\/wp-content\/uploads\/2023\/01\/PDF-300x300.png 300w, https:\/\/www.betons-et-materiaux.lu\/wp-content\/uploads\/2023\/01\/PDF-150x150.png 150w, https:\/\/www.betons-et-materiaux.lu\/wp-content\/uploads\/2023\/01\/PDF-60x60.png 60w, https:\/\/www.betons-et-materiaux.lu\/wp-content\/uploads\/2023\/01\/PDF-50x50.png 50w, https:\/\/www.betons-et-materiaux.lu\/wp-content\/uploads\/2023\/01\/PDF-100x100.png 100w\" sizes=\"(max-width: 90px) 100vw, 90px\" \/><\/a><figcaption class=\"wp-element-caption\"><code>Demande d'offre <\/code><br><code>B\u00e9ton-Sables<\/code><\/figcaption><\/figure>&nbsp;&nbsp;&nbsp;\n\n\n\n<figure class=\"wp-block-image size-full is-resized\"><a href=\"https:\/\/www.betons-et-materiaux.lu\/wp-content\/uploads\/2023\/04\/FOR-SOUM-202-Demande-doffre-de-prix-Pompage-WEB-02-Form.pdf\" target=\"_blank\" rel=\"noreferrer noopener\"><img decoding=\"async\" loading=\"lazy\" src=\"https:\/\/www.betons-et-materiaux.lu\/wp-content\/uploads\/2023\/01\/PDF.png\" alt=\"\" class=\"wp-image-451\" width=\"90\" height=\"90\" srcset=\"https:\/\/www.betons-et-materiaux.lu\/wp-content\/uploads\/2023\/01\/PDF.png 512w, https:\/\/www.betons-et-materiaux.lu\/wp-content\/uploads\/2023\/01\/PDF-300x300.png 300w, https:\/\/www.betons-et-materiaux.lu\/wp-content\/uploads\/2023\/01\/PDF-150x150.png 150w, https:\/\/www.betons-et-materiaux.lu\/wp-content\/uploads\/2023\/01\/PDF-60x60.png 60w, https:\/\/www.betons-et-materiaux.lu\/wp-content\/uploads\/2023\/01\/PDF-50x50.png 50w, https:\/\/www.betons-et-materiaux.lu\/wp-content\/uploads\/2023\/01\/PDF-100x100.png 100w\" sizes=\"(max-width: 90px) 100vw, 90px\" \/><\/a><figcaption class=\"wp-element-caption\">  Demande d&rsquo;offre<br>  Pompage<\/figcaption><\/figure>&nbsp;\n<\/div>\n<\/div><\/div>\n\n\n\n<hr class=\"wp-block-separator has-alpha-channel-opacity\"\/>\n\n\n\n<p class=\"has-text-align-center\">Veuillez trouver ci-joint nos derni\u00e8res<\/p>\n\n\n\n<p class=\"has-text-align-center\"><a href=\"https:\/\/www.betons-et-materiaux.lu\/?page_id=420&amp;lang=fr\"><strong>Conditions g\u00e9n\u00e9rales de vente<\/strong><\/a><\/p>\n","protected":false},"excerpt":{"rendered":"<p>Afin de faciliter notre collaboration et vous fournir une offre dans les meilleurs d\u00e9lais, veuillez prendre connaissance des formulaires disponibles : Pensez \u00e0 bien fournir la totalit\u00e9 des informations requises et soyez le plus exhaustif que possible. Demande d&rsquo;offre B\u00e9ton-Sables &nbsp;&nbsp;&nbsp; Demande d&rsquo;offre Pompage &nbsp; Veuillez trouver ci-joint nos derni\u00e8res Conditions g\u00e9n\u00e9rales de vente<\/p>\n","protected":false},"author":5,"featured_media":0,"parent":224,"menu_order":0,"comment_status":"closed","ping_status":"closed","template":"","meta":[],"_links":{"self":[{"href":"https:\/\/www.betons-et-materiaux.lu\/index.php?rest_route=\/wp\/v2\/pages\/498"}],"collection":[{"href":"https:\/\/www.betons-et-materiaux.lu\/index.php?rest_route=\/wp\/v2\/pages"}],"about":[{"href":"https:\/\/www.betons-et-materiaux.lu\/index.php?rest_route=\/wp\/v2\/types\/page"}],"author":[{"embeddable":true,"href":"https:\/\/www.betons-et-materiaux.lu\/index.php?rest_route=\/wp\/v2\/users\/5"}],"replies":[{"embeddable":true,"href":"https:\/\/www.betons-et-materiaux.lu\/index.php?rest_route=%2Fwp%2Fv2%2Fcomments&post=498"}],"version-history":[{"count":24,"href":"https:\/\/www.betons-et-materiaux.lu\/index.php?rest_route=\/wp\/v2\/pages\/498\/revisions"}],"predecessor-version":[{"id":553,"href":"https:\/\/www.betons-et-materiaux.lu\/index.php?rest_route=\/wp\/v2\/pages\/498\/revisions\/553"}],"up":[{"embeddable":true,"href":"https:\/\/www.betons-et-materiaux.lu\/index.php?rest_route=\/wp\/v2\/pages\/224"}],"wp:attachment":[{"href":"https:\/\/www.betons-et-materiaux.lu\/index.php?rest_route=%2Fwp%2Fv2%2Fmedia&parent=498"}],"curies":[{"name":"wp","href":"https:\/\/api.w.org\/{rel}","templated":true}]}}