{"id":71,"date":"2015-02-26T18:21:17","date_gmt":"2015-02-26T17:21:17","guid":{"rendered":"http:\/\/www.betons-et-materiaux.lu\/?page_id=71"},"modified":"2015-07-21T13:28:47","modified_gmt":"2015-07-21T12:28:47","slug":"nos-valeurs","status":"publish","type":"page","link":"https:\/\/www.betons-et-materiaux.lu\/?page_id=71&lang=fr","title":{"rendered":"Nos valeurs"},"content":{"rendered":"<p>&nbsp;<\/p>\n<p>Chez B\u00e9tons et Mat\u00e9riaux\u00a0 nous avons fait le choix de garder un esprit de proximit\u00e9 et des valeurs fortes guidant notre strat\u00e9gie.<\/p>\n<p>&nbsp;<\/p>\n<h2><span style=\"text-decoration: underline;\">Politique qualit\u00e9\u00a0:<\/span><\/h2>\n<p>&nbsp;<\/p>\n<p>Nos b\u00e9tons suivent les <strong>normes DNA EN206<\/strong> et respectent les r\u00e8gles de qualit\u00e9 impos\u00e9es par les ponts et chauss\u00e9es, \u00e0 savoir <strong>un test effectu\u00e9 tous les 400m<sup>3<\/sup> <\/strong>de b\u00e9ton fabriqu\u00e9 de formule identique.<\/p>\n<p>Afin d\u2019assurer une qualit\u00e9 optimale, nous avons choisi d\u2019effectuer <strong>des tests plus fr\u00e9quents<\/strong>, notamment sur les commandes de b\u00e9ton sp\u00e9cifique et les plus grosses commandes.<\/p>\n<p>Afin d&rsquo;appronfondir notre engagement envers nos clients, nous avons d\u00e9cid\u00e9 de nous engager dans un processus de <strong>certification de notre systeme de management de la qualit\u00e9\u00a0ISO 9001<\/strong>.<\/p>\n<p>&nbsp;<\/p>\n<h2><span style=\"text-decoration: underline;\">Politique environnementale\u00a0: <\/span><\/h2>\n<p>&nbsp;<\/p>\n<p>Nous disposons <strong>d\u2019une centrale de traitement de l\u2019eau<\/strong> sur la centrale \u00e0 b\u00e9ton, ainsi que <strong>deux bassins de r\u00e9tention<\/strong>. Nous assurons de cette mani\u00e8re<strong> un impact minimal sur l\u2019environnement<\/strong>.<\/p>\n<p>Afin d&rsquo;aller plus loin dans cette vision, nous nous sommes <strong>rapproch\u00e9s de la SuperDrecksKescht<\/strong> afin de faire labeliser notre site de Findel. La gestion de nos d\u00e9chets est en effet notre priorit\u00e9 pour l&rsquo;ann\u00e9e 2015, en assurant <strong>un tri efficace<\/strong>, et une <strong>revalorisation des d\u00e9chets<\/strong> de notre activit\u00e9.<\/p>\n\n\t\t<style type=\"text\/css\">\n\t\t\t#gallery-1 {\n\t\t\t\tmargin: auto;\n\t\t\t}\n\t\t\t#gallery-1 .gallery-item {\n\t\t\t\tfloat: left;\n\t\t\t\tmargin-top: 10px;\n\t\t\t\ttext-align: center;\n\t\t\t\twidth: 50%;\n\t\t\t}\n\t\t\t#gallery-1 img {\n\t\t\t\tborder: 2px solid #cfcfcf;\n\t\t\t}\n\t\t\t#gallery-1 .gallery-caption {\n\t\t\t\tmargin-left: 0;\n\t\t\t}\n\t\t\t\/* see gallery_shortcode() in wp-includes\/media.php *\/\n\t\t<\/style>\n\t\t<div id='gallery-1' class='gallery galleryid-71 gallery-columns-2 gallery-size-thumbnail'><dl class='gallery-item'>\n\t\t\t<dt class='gallery-icon landscape'>\n\t\t\t\t<a href='https:\/\/www.betons-et-materiaux.lu\/?attachment_id=62&#038;lang=fr'><img width=\"150\" height=\"150\" src=\"https:\/\/www.betons-et-materiaux.lu\/wp-content\/uploads\/2015\/01\/Environnement-1-150x150.jpg\" class=\"attachment-thumbnail size-thumbnail\" alt=\"\" decoding=\"async\" loading=\"lazy\" srcset=\"https:\/\/www.betons-et-materiaux.lu\/wp-content\/uploads\/2015\/01\/Environnement-1-150x150.jpg 150w, https:\/\/www.betons-et-materiaux.lu\/wp-content\/uploads\/2015\/01\/Environnement-1-60x60.jpg 60w, https:\/\/www.betons-et-materiaux.lu\/wp-content\/uploads\/2015\/01\/Environnement-1-50x50.jpg 50w, https:\/\/www.betons-et-materiaux.lu\/wp-content\/uploads\/2015\/01\/Environnement-1-100x100.jpg 100w\" sizes=\"(max-width: 150px) 100vw, 150px\" \/><\/a>\n\t\t\t<\/dt><\/dl><dl class='gallery-item'>\n\t\t\t<dt class='gallery-icon landscape'>\n\t\t\t\t<a href='https:\/\/www.betons-et-materiaux.lu\/?attachment_id=63&#038;lang=fr'><img width=\"150\" height=\"150\" src=\"https:\/\/www.betons-et-materiaux.lu\/wp-content\/uploads\/2015\/01\/Environnement-2-150x150.jpg\" class=\"attachment-thumbnail size-thumbnail\" alt=\"\" decoding=\"async\" loading=\"lazy\" srcset=\"https:\/\/www.betons-et-materiaux.lu\/wp-content\/uploads\/2015\/01\/Environnement-2-150x150.jpg 150w, https:\/\/www.betons-et-materiaux.lu\/wp-content\/uploads\/2015\/01\/Environnement-2-60x60.jpg 60w, https:\/\/www.betons-et-materiaux.lu\/wp-content\/uploads\/2015\/01\/Environnement-2-50x50.jpg 50w, https:\/\/www.betons-et-materiaux.lu\/wp-content\/uploads\/2015\/01\/Environnement-2-100x100.jpg 100w\" sizes=\"(max-width: 150px) 100vw, 150px\" \/><\/a>\n\t\t\t<\/dt><\/dl><br style=\"clear: both\" \/>\n\t\t<\/div>\n\n<p>&nbsp;<\/p>\n<h2><span style=\"text-decoration: underline;\">S\u00e9curit\u00e9\u00a0: <\/span><\/h2>\n<p>&nbsp;<\/p>\n<p>Chez B\u00e9tons et Mat\u00e9riaux, nous cherchons sans cesse\u00a0\u00e0 <strong>prot\u00e9ger au mieux\u00a0nos collaborateurs.<\/strong> Aussi, en plus d&rsquo;une <strong>sensibilisation r\u00e9guli\u00e8re<\/strong> aux risques de nos\u00a0m\u00e9tier, nous sommes actuellement en processus de<strong> certification de notre systeme de management de la s\u00e9curit\u00e9 au travail OHSAS 18001<\/strong>. L&rsquo;objectif de nos\u00a0d\u00e9marches est\u00a0avant tout d\u2019assurer une<strong> s\u00e9curit\u00e9 maximale<\/strong> \u00e0 nos employ\u00e9s sur leur lieu de travail, gr\u00e2ce \u00e0 une<strong> meilleure sensibilisation<\/strong> et \u00e0 des <strong>actions concr\u00e8tes<\/strong> sur le terrain.<\/p>\n<h2 style=\"text-align: center;\"><\/h2>\n<p>&nbsp;<\/p>\n","protected":false},"excerpt":{"rendered":"<p>&nbsp; Chez B\u00e9tons et Mat\u00e9riaux\u00a0 nous avons fait le choix de garder un esprit de proximit\u00e9 et des valeurs fortes guidant notre strat\u00e9gie. &nbsp; Politique qualit\u00e9\u00a0: &nbsp; Nos b\u00e9tons suivent les normes DNA EN206 et respectent les r\u00e8gles de qualit\u00e9 impos\u00e9es par les ponts et chauss\u00e9es, \u00e0 savoir un test effectu\u00e9 tous les 400m3 de [&hellip;]<\/p>\n","protected":false},"author":1,"featured_media":0,"parent":69,"menu_order":0,"comment_status":"closed","ping_status":"closed","template":"","meta":[],"_links":{"self":[{"href":"https:\/\/www.betons-et-materiaux.lu\/index.php?rest_route=\/wp\/v2\/pages\/71"}],"collection":[{"href":"https:\/\/www.betons-et-materiaux.lu\/index.php?rest_route=\/wp\/v2\/pages"}],"about":[{"href":"https:\/\/www.betons-et-materiaux.lu\/index.php?rest_route=\/wp\/v2\/types\/page"}],"author":[{"embeddable":true,"href":"https:\/\/www.betons-et-materiaux.lu\/index.php?rest_route=\/wp\/v2\/users\/1"}],"replies":[{"embeddable":true,"href":"https:\/\/www.betons-et-materiaux.lu\/index.php?rest_route=%2Fwp%2Fv2%2Fcomments&post=71"}],"version-history":[{"count":12,"href":"https:\/\/www.betons-et-materiaux.lu\/index.php?rest_route=\/wp\/v2\/pages\/71\/revisions"}],"predecessor-version":[{"id":345,"href":"https:\/\/www.betons-et-materiaux.lu\/index.php?rest_route=\/wp\/v2\/pages\/71\/revisions\/345"}],"up":[{"embeddable":true,"href":"https:\/\/www.betons-et-materiaux.lu\/index.php?rest_route=\/wp\/v2\/pages\/69"}],"wp:attachment":[{"href":"https:\/\/www.betons-et-materiaux.lu\/index.php?rest_route=%2Fwp%2Fv2%2Fmedia&parent=71"}],"curies":[{"name":"wp","href":"https:\/\/api.w.org\/{rel}","templated":true}]}}