{"id":73,"date":"2015-02-26T18:22:24","date_gmt":"2015-02-26T17:22:24","guid":{"rendered":"http:\/\/www.betons-et-materiaux.lu\/?page_id=73"},"modified":"2015-03-03T09:31:50","modified_gmt":"2015-03-03T08:31:50","slug":"domaines-dactivites","status":"publish","type":"page","link":"https:\/\/www.betons-et-materiaux.lu\/?page_id=73&lang=fr","title":{"rendered":"Domaines d&rsquo;activit\u00e9s"},"content":{"rendered":"<p><span style=\"color: #000000;\"><a href=\"https:\/\/www.betons-et-materiaux.lu\/wp-content\/uploads\/2015\/02\/dsc_0045.jpg\"><img decoding=\"async\" loading=\"lazy\" class=\"size-medium wp-image-216 aligncenter\" alt=\"Camions \" src=\"https:\/\/www.betons-et-materiaux.lu\/wp-content\/uploads\/2015\/02\/dsc_0045-300x199.jpg\" width=\"300\" height=\"199\" srcset=\"https:\/\/www.betons-et-materiaux.lu\/wp-content\/uploads\/2015\/02\/dsc_0045-300x199.jpg 300w, https:\/\/www.betons-et-materiaux.lu\/wp-content\/uploads\/2015\/02\/dsc_0045-1024x680.jpg 1024w\" sizes=\"(max-width: 300px) 100vw, 300px\" \/><\/a>B\u00e9tons et mat\u00e9riaux intervient dans diff\u00e9rents domaines d&rsquo;activit\u00e9s. L&rsquo;entreprise est en mesure de justifier sa participation \u00e0 de gros chantiers du Luxembourg, et a su se faire une place dans les fournisseurs des plus grandes entreprises de Batiment et Travaux Publics.<\/span><\/p>\n<p><span style=\"color: #000000;\">L&rsquo;entreprise est r\u00e9put\u00e9e pour son savoir faire dans les domaines d&rsquo;activit\u00e9s suivants :<\/span><\/p>\n<ul>\n<ul>\n<ul>\n<ul>\n<ul>\n<ul>\n<li><a title=\"B\u00e9tons pr\u00eats \u00e0 l\u2019emploi\" href=\"https:\/\/www.betons-et-materiaux.lu\/?page_id=79\">Fourniture de b\u00e9tons pr\u00eats-\u00e0-l&#8217;emploi <\/a><\/li>\n<li><a title=\"Produits finis\" href=\"https:\/\/www.betons-et-materiaux.lu\/?page_id=82\">Produit finis <\/a><\/li>\n<li><a title=\"Granulats\" href=\"https:\/\/www.betons-et-materiaux.lu\/?page_id=77\">Granulat <\/a><\/li>\n<li><a title=\"Recyclage\" href=\"https:\/\/www.betons-et-materiaux.lu\/?page_id=204\">Recyclage de gravats<\/a><\/li>\n<\/ul>\n<\/ul>\n<\/ul>\n<\/ul>\n<\/ul>\n<\/ul>\n<p>&nbsp;<\/p>\n<p><span style=\"color: #000000;\">Ces produits peuvent \u00eatre cherch\u00e9s sur les diff\u00e9rentes centrales \u00e0 b\u00e9tons de l&rsquo;entreprise, ou livr\u00e9s selon les besoins de nos clients. Le parc de camions et de pompes de la soci\u00e9t\u00e9 permet de livrer ces produits en grande quantit\u00e9 sur l&rsquo;ensemble du territoire\u00a0tout en gardant une excellente qualit\u00e9.<\/span><\/p>\n<p style=\"padding-left: 60px;\" align=\"JUSTIFY\">\u00a0<img decoding=\"async\" loading=\"lazy\" class=\"size-medium wp-image-66 aligncenter\" alt=\"Betonneuse\" src=\"https:\/\/www.betons-et-materiaux.lu\/wp-content\/uploads\/2015\/01\/Comment-commander\uf025-300x199.jpg\" width=\"300\" height=\"199\" srcset=\"https:\/\/www.betons-et-materiaux.lu\/wp-content\/uploads\/2015\/01\/Comment-commander\uf025-300x199.jpg 300w, https:\/\/www.betons-et-materiaux.lu\/wp-content\/uploads\/2015\/01\/Comment-commander\uf025-1024x680.jpg 1024w\" sizes=\"(max-width: 300px) 100vw, 300px\" \/><\/p>\n","protected":false},"excerpt":{"rendered":"<p>B\u00e9tons et mat\u00e9riaux intervient dans diff\u00e9rents domaines d&rsquo;activit\u00e9s. L&rsquo;entreprise est en mesure de justifier sa participation \u00e0 de gros chantiers du Luxembourg, et a su se faire une place dans les fournisseurs des plus grandes entreprises de Batiment et Travaux Publics. L&rsquo;entreprise est r\u00e9put\u00e9e pour son savoir faire dans les domaines d&rsquo;activit\u00e9s suivants : Fourniture [&hellip;]<\/p>\n","protected":false},"author":1,"featured_media":0,"parent":0,"menu_order":0,"comment_status":"closed","ping_status":"closed","template":"","meta":[],"_links":{"self":[{"href":"https:\/\/www.betons-et-materiaux.lu\/index.php?rest_route=\/wp\/v2\/pages\/73"}],"collection":[{"href":"https:\/\/www.betons-et-materiaux.lu\/index.php?rest_route=\/wp\/v2\/pages"}],"about":[{"href":"https:\/\/www.betons-et-materiaux.lu\/index.php?rest_route=\/wp\/v2\/types\/page"}],"author":[{"embeddable":true,"href":"https:\/\/www.betons-et-materiaux.lu\/index.php?rest_route=\/wp\/v2\/users\/1"}],"replies":[{"embeddable":true,"href":"https:\/\/www.betons-et-materiaux.lu\/index.php?rest_route=%2Fwp%2Fv2%2Fcomments&post=73"}],"version-history":[{"count":10,"href":"https:\/\/www.betons-et-materiaux.lu\/index.php?rest_route=\/wp\/v2\/pages\/73\/revisions"}],"predecessor-version":[{"id":448,"href":"https:\/\/www.betons-et-materiaux.lu\/index.php?rest_route=\/wp\/v2\/pages\/73\/revisions\/448"}],"wp:attachment":[{"href":"https:\/\/www.betons-et-materiaux.lu\/index.php?rest_route=%2Fwp%2Fv2%2Fmedia&parent=73"}],"curies":[{"name":"wp","href":"https:\/\/api.w.org\/{rel}","templated":true}]}}