{"id":75,"date":"2015-02-26T18:22:54","date_gmt":"2015-02-26T17:22:54","guid":{"rendered":"http:\/\/www.betons-et-materiaux.lu\/?page_id=75"},"modified":"2015-03-04T16:10:36","modified_gmt":"2015-03-04T15:10:36","slug":"ciments","status":"publish","type":"page","link":"https:\/\/www.betons-et-materiaux.lu\/?page_id=75&lang=fr","title":{"rendered":"Ciments"},"content":{"rendered":"<style type=\"text\/css\"><!--\nP { margin-bottom: 0.21cm; }\n--><\/style>\n<p align=\"JUSTIFY\">Le choix du ciment est important, puisqu\u2019il conf\u00e8re au b\u00e9ton les caract\u00e9ristiques d\u00e9sir\u00e9es, pour l\u2019adapter au mieux au milieu auquel il est destin\u00e9 (Agression climatique, poids importants, exposition \u00e0 des produits chimiques, etc&#8230;). Chez B\u00e9tons et Mat\u00e9riaux, nous utilisons quatre types de ciments afin de r\u00e9pondre \u00e0 toutes les demandes concernant l\u2019utilisation du b\u00e9ton.<\/p>\n<ul>\n<li>\n<h3><b>CEM II\u00a0: <\/b><\/h3>\n<ul>\n<li>Findel\u00a0: <strong>AS 42,5 N\u00a0<\/strong>: <i>Ciment classique utilisable pour tout type de b\u00e9tons<\/i>.<\/li>\n<li>Roost\u00a0:<strong> BS 42,5 N<\/strong>\u00a0:<i> Ciment utilisable pour tous types de b\u00e9tons pr\u00eats \u00e0 l\u2019emploi.<\/i><\/li>\n<\/ul>\n<\/li>\n<\/ul>\n<p align=\"CENTER\">\u00a0<i>Nos ciments CEM II disposent d\u2019une prise plus rapide, et son adapt\u00e9s \u00e0 tous types de r\u00e9alisation de b\u00e9tons. <\/i><\/p>\n<ul>\n<li>\n<h3><b>CEM III\u00a0: <\/b><\/h3>\n<ul>\n<li>Findel\u00a0: <strong>A 52,5 L PMES\u00a0<\/strong>: <i>Ciment utilis\u00e9 pour des b\u00e9tons expos\u00e9s \u00e0 de fortes pr\u00e9sences de sulfates, adapt\u00e9s aux milieux agressifs et \/ ou humides. <\/i><\/li>\n<li>Roost\u00a0:<strong> B 42,5 N HRS<\/strong>\u00a0: (HRS\u00a0= High Resistance Sulfate) <i>Au m\u00eame titre qu\u2019\u00e0 Findel, ce ciment est parfaitement adapt\u00e9s aux conditions d\u2019un environnement difficile.<\/i><\/li>\n<\/ul>\n<\/li>\n<\/ul>\n<p align=\"CENTER\"><i>Nos ciments HRS et PMES sont parfaitement adapt\u00e9s aux ouvrages massifs dans des milieux difficiles (eau sulfat\u00e9es, eau industrielle, etc. \u2026). Ils disposent \u00e9galement d\u2019avantages esth\u00e9tiques dus \u00e0 leur couleur claire.<\/i><\/p>\n<p align=\"CENTER\"><i>De plus, leur prise plus lente assure une r\u00e9sistance am\u00e9lior\u00e9e sur la dur\u00e9e, et une limitation des fissures.<\/i><\/p>\n\n\t\t<style type=\"text\/css\">\n\t\t\t#gallery-1 {\n\t\t\t\tmargin: auto;\n\t\t\t}\n\t\t\t#gallery-1 .gallery-item {\n\t\t\t\tfloat: left;\n\t\t\t\tmargin-top: 10px;\n\t\t\t\ttext-align: center;\n\t\t\t\twidth: 100%;\n\t\t\t}\n\t\t\t#gallery-1 img {\n\t\t\t\tborder: 2px solid #cfcfcf;\n\t\t\t}\n\t\t\t#gallery-1 .gallery-caption {\n\t\t\t\tmargin-left: 0;\n\t\t\t}\n\t\t\t\/* see gallery_shortcode() in wp-includes\/media.php *\/\n\t\t<\/style>\n\t\t<div id='gallery-1' class='gallery galleryid-75 gallery-columns-1 gallery-size-thumbnail'><dl class='gallery-item'>\n\t\t\t<dt class='gallery-icon landscape'>\n\t\t\t\t<a href='https:\/\/www.betons-et-materiaux.lu\/?attachment_id=54'><img width=\"150\" height=\"150\" src=\"https:\/\/www.betons-et-materiaux.lu\/wp-content\/uploads\/2015\/01\/Silots-Ciments-150x150.jpg\" class=\"attachment-thumbnail size-thumbnail\" alt=\"\" decoding=\"async\" loading=\"lazy\" srcset=\"https:\/\/www.betons-et-materiaux.lu\/wp-content\/uploads\/2015\/01\/Silots-Ciments-150x150.jpg 150w, https:\/\/www.betons-et-materiaux.lu\/wp-content\/uploads\/2015\/01\/Silots-Ciments-60x60.jpg 60w, https:\/\/www.betons-et-materiaux.lu\/wp-content\/uploads\/2015\/01\/Silots-Ciments-50x50.jpg 50w, https:\/\/www.betons-et-materiaux.lu\/wp-content\/uploads\/2015\/01\/Silots-Ciments-100x100.jpg 100w\" sizes=\"(max-width: 150px) 100vw, 150px\" \/><\/a>\n\t\t\t<\/dt><\/dl><br style=\"clear: both\" \/>\n\t\t<\/div>\n\n","protected":false},"excerpt":{"rendered":"<p>Le choix du ciment est important, puisqu\u2019il conf\u00e8re au b\u00e9ton les caract\u00e9ristiques d\u00e9sir\u00e9es, pour l\u2019adapter au mieux au milieu auquel il est destin\u00e9 (Agression climatique, poids importants, exposition \u00e0 des produits chimiques, etc&#8230;). Chez B\u00e9tons et Mat\u00e9riaux, nous utilisons quatre types de ciments afin de r\u00e9pondre \u00e0 toutes les demandes concernant l\u2019utilisation du b\u00e9ton. CEM [&hellip;]<\/p>\n","protected":false},"author":1,"featured_media":0,"parent":73,"menu_order":0,"comment_status":"closed","ping_status":"closed","template":"","meta":[],"_links":{"self":[{"href":"https:\/\/www.betons-et-materiaux.lu\/index.php?rest_route=\/wp\/v2\/pages\/75"}],"collection":[{"href":"https:\/\/www.betons-et-materiaux.lu\/index.php?rest_route=\/wp\/v2\/pages"}],"about":[{"href":"https:\/\/www.betons-et-materiaux.lu\/index.php?rest_route=\/wp\/v2\/types\/page"}],"author":[{"embeddable":true,"href":"https:\/\/www.betons-et-materiaux.lu\/index.php?rest_route=\/wp\/v2\/users\/1"}],"replies":[{"embeddable":true,"href":"https:\/\/www.betons-et-materiaux.lu\/index.php?rest_route=%2Fwp%2Fv2%2Fcomments&post=75"}],"version-history":[{"count":6,"href":"https:\/\/www.betons-et-materiaux.lu\/index.php?rest_route=\/wp\/v2\/pages\/75\/revisions"}],"predecessor-version":[{"id":261,"href":"https:\/\/www.betons-et-materiaux.lu\/index.php?rest_route=\/wp\/v2\/pages\/75\/revisions\/261"}],"up":[{"embeddable":true,"href":"https:\/\/www.betons-et-materiaux.lu\/index.php?rest_route=\/wp\/v2\/pages\/73"}],"wp:attachment":[{"href":"https:\/\/www.betons-et-materiaux.lu\/index.php?rest_route=%2Fwp%2Fv2%2Fmedia&parent=75"}],"curies":[{"name":"wp","href":"https:\/\/api.w.org\/{rel}","templated":true}]}}