{"id":77,"date":"2015-02-26T18:24:50","date_gmt":"2015-02-26T17:24:50","guid":{"rendered":"http:\/\/www.betons-et-materiaux.lu\/?page_id=77"},"modified":"2015-03-06T15:18:18","modified_gmt":"2015-03-06T14:18:18","slug":"granulats","status":"publish","type":"page","link":"https:\/\/www.betons-et-materiaux.lu\/?page_id=77&lang=fr","title":{"rendered":"Granulats"},"content":{"rendered":"<style type=\"text\/css\"><!--\nP { margin-bottom: 0.21cm; }\n--><\/style>\n<p><a href=\"https:\/\/www.betons-et-materiaux.lu\/wp-content\/uploads\/2015\/01\/Granulats-3.jpg\"><img decoding=\"async\" loading=\"lazy\" class=\"size-medium wp-image-57 aligncenter\" alt=\"Granulats 3\" src=\"https:\/\/www.betons-et-materiaux.lu\/wp-content\/uploads\/2015\/01\/Granulats-3-300x199.jpg\" width=\"300\" height=\"199\" srcset=\"https:\/\/www.betons-et-materiaux.lu\/wp-content\/uploads\/2015\/01\/Granulats-3-300x199.jpg 300w, https:\/\/www.betons-et-materiaux.lu\/wp-content\/uploads\/2015\/01\/Granulats-3-1024x680.jpg 1024w\" sizes=\"(max-width: 300px) 100vw, 300px\" \/><\/a><\/p>\n<ul>\n<li>\n<h3><span style=\"text-decoration: underline;\"><strong>Sables, entrant dans la composition de b\u00e9tons\u00a0: <\/strong><\/span><\/h3>\n<\/li>\n<\/ul>\n<p align=\"JUSTIFY\">Chez B\u00e9tons et Mat\u00e9riaux, nous utilisons 4 principaux types d\u2019agr\u00e9gats dans la composition de nos b\u00e9tons, disposant chacun d\u2019avantages diff\u00e9rents.<\/p>\n<p align=\"JUSTIFY\">Le granulat dit \u00ab\u00a0<i>Moselle\u00a0<\/i>\u00bb est un sable alluvionnaire, sa forme plus arrondie permet une meilleure tenue et de ce fait, une qualit\u00e9 optimale du b\u00e9ton.<\/p>\n<p align=\"JUSTIFY\">Le granulat \u00ab\u00a0<i>Quartz\u00a0<\/i>\u00bb est issu d\u2019un concassage, mais sa qualit\u00e9 le rapproche fortement des agr\u00e9gats \u00ab\u00a0Moselle\u00a0\u00bb<\/p>\n<p align=\"JUSTIFY\">Le granulat \u00ab\u00a0<i>Dolomite\u00a0<\/i>\u00bb est issu d\u2019un concassage de mat\u00e9riaux. Il s\u2019agit de notre solution la plus \u00e9conomique.<\/p>\n<p lang=\"fr-FR\">Le \u00ab\u00a0<i>sable de roche\u00a0<\/i>\u00bb, utilis\u00e9 comme sable correcteur.<\/p>\n<table style=\"border: 1px solid black;\" width=\"692\" cellspacing=\"0\" cellpadding=\"0\">\n<tbody>\n<tr>\n<td valign=\"top\" width=\"102\"><b><span style=\"font-size: medium;\"><span style=\"font-family: Calibri;\">0\/4<\/span><\/span><\/b><\/td>\n<td valign=\"top\" width=\"102\"><b><span style=\"font-size: medium;\"><span style=\"font-family: Calibri;\">0\/2<\/span><\/span><\/b><\/td>\n<td valign=\"top\" width=\"102\"><b><span style=\"font-size: medium;\"><span style=\"font-family: Calibri;\">4\/8<\/span><\/span><\/b><\/td>\n<td valign=\"top\" width=\"102\"><b><span style=\"font-size: medium;\"><span style=\"font-family: Calibri;\">8\/16<\/span><\/span><\/b><\/td>\n<td valign=\"top\" width=\"102\"><b><span style=\"font-size: medium;\"><span style=\"font-family: Calibri;\">8\/22<\/span><\/span><\/b><\/td>\n<td valign=\"top\" width=\"102\"><b><span style=\"font-size: medium;\"><span style=\"font-family: Calibri;\">16\/22<\/span><\/span><\/b><\/td>\n<\/tr>\n<tr>\n<td valign=\"top\" width=\"102\"><span style=\"font-family: Calibri; font-size: medium;\">Moselle<\/span><\/td>\n<td valign=\"top\" width=\"102\"><span style=\"font-family: Calibri; font-size: medium;\">Sable de roche<\/span><\/td>\n<td valign=\"top\" width=\"102\"><span style=\"font-family: Calibri; font-size: medium;\">Moselle<\/span><\/td>\n<td valign=\"top\" width=\"102\"><span style=\"font-family: Calibri; font-size: medium;\">Moselle<\/span><\/td>\n<td valign=\"top\" width=\"102\"><span style=\"font-family: Calibri; font-size: medium;\">Dolomite<\/span><\/td>\n<td valign=\"top\" width=\"102\"><span style=\"font-family: Calibri; font-size: medium;\">Moselle<\/span><\/td>\n<\/tr>\n<tr>\n<td valign=\"top\" width=\"102\"><span style=\"font-family: Calibri; font-size: medium;\">Quartz<\/span><\/td>\n<td valign=\"top\" width=\"102\"><\/td>\n<td valign=\"top\" width=\"102\"><span style=\"font-family: Calibri; font-size: medium;\">Quartz<\/span><\/td>\n<td valign=\"top\" width=\"102\"><span style=\"font-family: Calibri; font-size: medium;\">Quartz<\/span><\/td>\n<td valign=\"top\" width=\"102\"><\/td>\n<td valign=\"top\" width=\"102\"><\/td>\n<\/tr>\n<tr>\n<td valign=\"top\" width=\"102\"><\/td>\n<td valign=\"top\" width=\"102\"><\/td>\n<td valign=\"top\" width=\"102\"><span style=\"font-size: medium;\"><span style=\"font-family: Calibri;\">Dolomite<\/span><\/span><\/td>\n<td valign=\"top\" width=\"102\"><\/td>\n<td valign=\"top\" width=\"102\"><\/td>\n<td valign=\"top\" width=\"102\"><\/td>\n<\/tr>\n<\/tbody>\n<\/table>\n<p>&nbsp;<\/p>\n<p><a href=\"https:\/\/www.betons-et-materiaux.lu\/wp-content\/uploads\/2015\/01\/Granulats-2.jpg\"><img decoding=\"async\" loading=\"lazy\" class=\"size-medium wp-image-56 aligncenter\" alt=\"Granulats 2\" src=\"https:\/\/www.betons-et-materiaux.lu\/wp-content\/uploads\/2015\/01\/Granulats-2-300x199.jpg\" width=\"300\" height=\"199\" srcset=\"https:\/\/www.betons-et-materiaux.lu\/wp-content\/uploads\/2015\/01\/Granulats-2-300x199.jpg 300w, https:\/\/www.betons-et-materiaux.lu\/wp-content\/uploads\/2015\/01\/Granulats-2-1024x680.jpg 1024w\" sizes=\"(max-width: 300px) 100vw, 300px\" \/><\/a><\/p>\n<style type=\"text\/css\"><!--\nP { margin-bottom: 0.21cm; }\n--><\/style>\n<ul>\n<li>\n<h3><span style=\"text-decoration: underline;\"><strong>Autres agr\u00e9gats\u00a0: <\/strong><\/span><\/h3>\n<\/li>\n<\/ul>\n<p>&nbsp;<\/p>\n<p align=\"JUSTIFY\">Chez B\u00e9tons et Mat\u00e9riaux, nous disposons de notre propre centrale de recyclage, ce qui nous permet de fournir divers mat\u00e9riaux concass\u00e9s, selon l\u2019utilisation souhait\u00e9e.<\/p>\n<p align=\"JUSTIFY\"><a href=\"https:\/\/www.betons-et-materiaux.lu\/wp-content\/uploads\/2015\/01\/Granulats-1.jpg\"><img decoding=\"async\" loading=\"lazy\" class=\"size-medium wp-image-55 aligncenter\" alt=\"Granulats 1\" src=\"https:\/\/www.betons-et-materiaux.lu\/wp-content\/uploads\/2015\/01\/Granulats-1-300x199.jpg\" width=\"300\" height=\"199\" srcset=\"https:\/\/www.betons-et-materiaux.lu\/wp-content\/uploads\/2015\/01\/Granulats-1-300x199.jpg 300w, https:\/\/www.betons-et-materiaux.lu\/wp-content\/uploads\/2015\/01\/Granulats-1-1024x680.jpg 1024w\" sizes=\"(max-width: 300px) 100vw, 300px\" \/><\/a><\/p>\n<p align=\"JUSTIFY\">Ce type de produit est g\u00e9n\u00e9ralement utilis\u00e9 pour les voies de chemins de fer, les chauss\u00e9es, le terrassement, ainsi que pour diverses missions de g\u00e9nie civil.<\/p>\n<p align=\"JUSTIFY\">\n<p align=\"JUSTIFY\">\n<h3><span style=\"text-decoration: underline;\"><strong>Mat\u00e9riaux certifi\u00e9s par les ponts et chauss\u00e9es\u00a0:<\/strong><\/span><\/h3>\n<p>&nbsp;<\/p>\n<ul>\n<li>0\/150 gr\u00e8s type 2, utilis\u00e9 comme couche de forme<\/li>\n<li>0\/45 gr\u00e8s type 2<\/li>\n<li>0\/45 LHF type 1<\/li>\n<li>0\/32 GL (grave b\u00e9ton ou laitier)<\/li>\n<li>16\/22 LHF<\/li>\n<\/ul>\n<p>&nbsp;<\/p>\n<h3><span style=\"text-decoration: underline;\"><strong>Mat\u00e9riaux non certifi\u00e9s\u00a0:<\/strong><\/span><\/h3>\n<p>&nbsp;<\/p>\n<ul>\n<li>0\/45 b\u00e9tons concass\u00e9s<\/li>\n<li>5\/50 gr\u00e8s<\/li>\n<\/ul>\n<p>&nbsp;<\/p>\n<p>&nbsp;<\/p>\n","protected":false},"excerpt":{"rendered":"<p>Sables, entrant dans la composition de b\u00e9tons\u00a0: Chez B\u00e9tons et Mat\u00e9riaux, nous utilisons 4 principaux types d\u2019agr\u00e9gats dans la composition de nos b\u00e9tons, disposant chacun d\u2019avantages diff\u00e9rents. Le granulat dit \u00ab\u00a0Moselle\u00a0\u00bb est un sable alluvionnaire, sa forme plus arrondie permet une meilleure tenue et de ce fait, une qualit\u00e9 optimale du b\u00e9ton. Le granulat \u00ab\u00a0Quartz\u00a0\u00bb [&hellip;]<\/p>\n","protected":false},"author":1,"featured_media":0,"parent":73,"menu_order":0,"comment_status":"closed","ping_status":"closed","template":"","meta":[],"_links":{"self":[{"href":"https:\/\/www.betons-et-materiaux.lu\/index.php?rest_route=\/wp\/v2\/pages\/77"}],"collection":[{"href":"https:\/\/www.betons-et-materiaux.lu\/index.php?rest_route=\/wp\/v2\/pages"}],"about":[{"href":"https:\/\/www.betons-et-materiaux.lu\/index.php?rest_route=\/wp\/v2\/types\/page"}],"author":[{"embeddable":true,"href":"https:\/\/www.betons-et-materiaux.lu\/index.php?rest_route=\/wp\/v2\/users\/1"}],"replies":[{"embeddable":true,"href":"https:\/\/www.betons-et-materiaux.lu\/index.php?rest_route=%2Fwp%2Fv2%2Fcomments&post=77"}],"version-history":[{"count":22,"href":"https:\/\/www.betons-et-materiaux.lu\/index.php?rest_route=\/wp\/v2\/pages\/77\/revisions"}],"predecessor-version":[{"id":275,"href":"https:\/\/www.betons-et-materiaux.lu\/index.php?rest_route=\/wp\/v2\/pages\/77\/revisions\/275"}],"up":[{"embeddable":true,"href":"https:\/\/www.betons-et-materiaux.lu\/index.php?rest_route=\/wp\/v2\/pages\/73"}],"wp:attachment":[{"href":"https:\/\/www.betons-et-materiaux.lu\/index.php?rest_route=%2Fwp%2Fv2%2Fmedia&parent=77"}],"curies":[{"name":"wp","href":"https:\/\/api.w.org\/{rel}","templated":true}]}}