{"id":8,"date":"2013-12-12T10:11:06","date_gmt":"2013-12-12T09:11:06","guid":{"rendered":"http:\/\/local.baatz.lu\/?page_id=8"},"modified":"2015-11-25T17:32:40","modified_gmt":"2015-11-25T16:32:40","slug":"accueil","status":"publish","type":"page","link":"https:\/\/www.betons-et-materiaux.lu\/?lang=fr","title":{"rendered":"Accueil"},"content":{"rendered":"<h2>B\u00e9tons et mat\u00e9riaux<\/h2>\n<p><span style=\"color: #000000;\">\u00a0<\/span><\/p>\n<p><span style=\"color: #000000;\">B\u00e9tons et Mat\u00e9riaux fournit du b\u00e9ton de qualit\u00e9 dans l&rsquo;ensemble du Grand Duch\u00e9 et de la Grande R\u00e9gion depuis presque 25 ans. La qualit\u00e9 du b\u00e9ton et de ses produits est reconnue sur le territoire, permettant \u00e0 l&rsquo;entreprise\u00a0de fournir des clients importants pour des chantiers de toutes tailles.<\/span><\/p>\n<p><span style=\"color: #000000;\">B\u00e9tons et Mat\u00e9riaux S.A. est non seulement une r\u00e9f\u00e9rence du b\u00e9ton pr\u00eat \u00e0 l&#8217;emploi, mais \u00e9galement dans la fourniture de mat\u00e9riaux de carriere et recycl\u00e9s agr\u00e9\u00e9s au Grand Duch\u00e9 de Luxembourg.<\/span><\/p>\n<p><span style=\"color: #000000;\">L&rsquo;entreprise dispose de 3 centrales, localis\u00e9es \u00e0 Findel et \u00e0 Roost, compos\u00e9es de 13 silos (de 120 \u00e0 90 tonnes). Deux malaxeurs sont\u00a0actifs \u00e0 Findel (3m\u00b3 et 2.5m\u00b3) et un\u00a0malaxeur de 2m\u00b3 est actif \u00e0\u00a0Roost.\u00a0Cette importante capacit\u00e9 op\u00e9rationelle permet d&rsquo;assurer les livraisons les plus grosses, tout en gardant une capacit\u00e9 de diversification des b\u00e9tons livr\u00e9s.<\/span><\/p>\n","protected":false},"excerpt":{"rendered":"<p>B\u00e9tons et mat\u00e9riaux \u00a0 B\u00e9tons et Mat\u00e9riaux fournit du b\u00e9ton de qualit\u00e9 dans l&rsquo;ensemble du Grand Duch\u00e9 et de la Grande R\u00e9gion depuis presque 25 ans. La qualit\u00e9 du b\u00e9ton et de ses produits est reconnue sur le territoire, permettant \u00e0 l&rsquo;entreprise\u00a0de fournir des clients importants pour des chantiers de toutes tailles. B\u00e9tons et Mat\u00e9riaux [&hellip;]<\/p>\n","protected":false},"author":1,"featured_media":0,"parent":0,"menu_order":0,"comment_status":"closed","ping_status":"closed","template":"template_homepage.php","meta":[],"_links":{"self":[{"href":"https:\/\/www.betons-et-materiaux.lu\/index.php?rest_route=\/wp\/v2\/pages\/8"}],"collection":[{"href":"https:\/\/www.betons-et-materiaux.lu\/index.php?rest_route=\/wp\/v2\/pages"}],"about":[{"href":"https:\/\/www.betons-et-materiaux.lu\/index.php?rest_route=\/wp\/v2\/types\/page"}],"author":[{"embeddable":true,"href":"https:\/\/www.betons-et-materiaux.lu\/index.php?rest_route=\/wp\/v2\/users\/1"}],"replies":[{"embeddable":true,"href":"https:\/\/www.betons-et-materiaux.lu\/index.php?rest_route=%2Fwp%2Fv2%2Fcomments&post=8"}],"version-history":[{"count":7,"href":"https:\/\/www.betons-et-materiaux.lu\/index.php?rest_route=\/wp\/v2\/pages\/8\/revisions"}],"predecessor-version":[{"id":350,"href":"https:\/\/www.betons-et-materiaux.lu\/index.php?rest_route=\/wp\/v2\/pages\/8\/revisions\/350"}],"wp:attachment":[{"href":"https:\/\/www.betons-et-materiaux.lu\/index.php?rest_route=%2Fwp%2Fv2%2Fmedia&parent=8"}],"curies":[{"name":"wp","href":"https:\/\/api.w.org\/{rel}","templated":true}]}}